{"id":15,"date":"2025-03-15T14:18:37","date_gmt":"2025-03-15T14:18:37","guid":{"rendered":"https:\/\/tiendadevalerybb.com\/?page_id=15"},"modified":"2025-03-15T14:20:59","modified_gmt":"2025-03-15T14:20:59","slug":"como-comprar","status":"publish","type":"page","link":"https:\/\/tiendadevalerybb.com\/?page_id=15","title":{"rendered":"\u00bfC\u00f3mo comprar?"},"content":{"rendered":"<p><strong>\u00bfC\u00f3mo comprar en la tienda de Valery BB?<\/strong><\/p>\n<p>Utiliza un correo, nombre de usuario y clave y tel\u00e9fono entre otros datos para ingresar a la p\u00e1gina, luego das clic al producto y te lleva al carrito de compras y te da el costo con el env\u00edo. \u00c9ste var\u00eda seg\u00fan el lugar si es local o nacional.<br \/>\nLos pedidos para registrar y enviar pueden tardar entre 1 y 3\u00a0 d\u00edas seg\u00fan destino.<\/p>\n<p><strong>\u00bfComo puedo verificar d\u00f3nde est\u00e1 mi pedido?<\/strong><\/p>\n<p>Desde el momento que se registra el pedido el personal de servicio al cliente los contacta v\u00eda whatsapp al tel:3012726459 informando que se registro el pedido y el tiempo promedio de la entrega y seguimiento al producto hasta su destino.<\/p>\n<p><strong>\u00bfCu\u00e1nto cuesta el env\u00edo?<\/strong><\/p>\n<p>\u00c9ste var\u00eda seg\u00fan tama\u00f1o, peso y envi\u00f3 y es asociado cuando se cierra la compra.<\/p>\n<p><strong>\u00bfDe donde viene mi pedido?<\/strong><\/p>\n<p>De\u00a0 la ciudad de Medell\u00edn.<\/p>\n<p><strong>\u00bfC\u00f3mo puedo cambiar mi domicilio de entrega?<\/strong><\/p>\n<p>En el momento de la compra puedes cambiar el domicilio desde el carrito de compras.<\/p>\n<p><strong>\u00bfD\u00f3nde puedo ver mis pedidos?<\/strong><\/p>\n<p>En el historial de pedidos te saldr\u00e1n todos los pedidos que realices en la tienda de Valery BB.<\/p>\n<p><strong>\u00bfC\u00f3mo puedo devolver un producto?<\/strong><\/p>\n<p>Todos los productos se pueden devolver dentro de los 30 d\u00edas\u00a0 de la entrega. Para devolverlos debe llenar un tickets y\u00a0 contactar al servicio al cliente\u00a0 para solicitar la devoluci\u00f3n del dinero.<\/p>\n<p><strong>\u00bfC\u00f3mo ejercer el derecho a la devoluci\u00f3n?<\/strong><\/p>\n<p>La devoluci\u00f3n del dinero se har\u00e1 despu\u00e9s de verificar que el producto esta en buen estado y con la etiqueta.El cliente debe pagar el valor del envio o si es el caso en la ciudad de Medell\u00edn el domicilio.<br \/>\nLa devoluci\u00f3n del dinero se hace contra-entrega o en una cuenta de ahorros seg\u00fan lo indique el cliente al igual que el costo de este\u00a0 despu\u00e9s de verificar que el\u00a0 tickets fue aprobado.<\/p>\n<p>El cliente puede comunicarse v\u00eda telef\u00f3nica o por whatsapp\u00a0 al tel :3012726459 para conocer el estado de su tickets despu\u00e9s de las 48 horas de su solicitud\u00a0 0 al correo info@tiendadevalerybb.com para conocer el estado de su tickets.<\/p>\n","protected":false},"excerpt":{"rendered":"<p>\u00bfC\u00f3mo comprar en la tienda de Valery BB? Utiliza un correo, nombre de usuario y clave y tel\u00e9fono entre otros [&hellip;]<\/p>\n","protected":false},"author":1,"featured_media":0,"parent":0,"menu_order":0,"comment_status":"closed","ping_status":"closed","template":"","meta":{"site-sidebar-layout":"default","site-content-layout":"","ast-site-content-layout":"default","site-content-style":"default","site-sidebar-style":"default","ast-global-header-display":"","ast-banner-title-visibility":"","ast-main-header-display":"","ast-hfb-above-header-display":"","ast-hfb-below-header-display":"","ast-hfb-mobile-header-display":"","site-post-title":"","ast-breadcrumbs-content":"","ast-featured-img":"","footer-sml-layout":"","theme-transparent-header-meta":"default","adv-header-id-meta":"","stick-header-meta":"","header-above-stick-meta":"","header-main-stick-meta":"","header-below-stick-meta":"","astra-migrate-meta-layouts":"set","ast-page-background-enabled":"default","ast-page-background-meta":{"desktop":{"background-color":"var(--ast-global-color-5)","background-image":"","background-repeat":"repeat","background-position":"center center","background-size":"auto","background-attachment":"scroll","background-type":"","background-media":"","overlay-type":"","overlay-color":"","overlay-opacity":"","overlay-gradient":""},"tablet":{"background-color":"","background-image":"","background-repeat":"repeat","background-position":"center center","background-size":"auto","background-attachment":"scroll","background-type":"","background-media":"","overlay-type":"","overlay-color":"","overlay-opacity":"","overlay-gradient":""},"mobile":{"background-color":"","background-image":"","background-repeat":"repeat","background-position":"center center","background-size":"auto","background-attachment":"scroll","background-type":"","background-media":"","overlay-type":"","overlay-color":"","overlay-opacity":"","overlay-gradient":""}},"ast-content-background-meta":{"desktop":{"background-color":"var(--ast-global-color-4)","background-image":"","background-repeat":"repeat","background-position":"center center","background-size":"auto","background-attachment":"scroll","background-type":"","background-media":"","overlay-type":"","overlay-color":"","overlay-opacity":"","overlay-gradient":""},"tablet":{"background-color":"var(--ast-global-color-4)","background-image":"","background-repeat":"repeat","background-position":"center center","background-size":"auto","background-attachment":"scroll","background-type":"","background-media":"","overlay-type":"","overlay-color":"","overlay-opacity":"","overlay-gradient":""},"mobile":{"background-color":"var(--ast-global-color-4)","background-image":"","background-repeat":"repeat","background-position":"center center","background-size":"auto","background-attachment":"scroll","background-type":"","background-media":"","overlay-type":"","overlay-color":"","overlay-opacity":"","overlay-gradient":""}},"footnotes":""},"class_list":["post-15","page","type-page","status-publish","hentry"],"_links":{"self":[{"href":"https:\/\/tiendadevalerybb.com\/index.php?rest_route=\/wp\/v2\/pages\/15","targetHints":{"allow":["GET"]}}],"collection":[{"href":"https:\/\/tiendadevalerybb.com\/index.php?rest_route=\/wp\/v2\/pages"}],"about":[{"href":"https:\/\/tiendadevalerybb.com\/index.php?rest_route=\/wp\/v2\/types\/page"}],"author":[{"embeddable":true,"href":"https:\/\/tiendadevalerybb.com\/index.php?rest_route=\/wp\/v2\/users\/1"}],"replies":[{"embeddable":true,"href":"https:\/\/tiendadevalerybb.com\/index.php?rest_route=%2Fwp%2Fv2%2Fcomments&post=15"}],"version-history":[{"count":2,"href":"https:\/\/tiendadevalerybb.com\/index.php?rest_route=\/wp\/v2\/pages\/15\/revisions"}],"predecessor-version":[{"id":22,"href":"https:\/\/tiendadevalerybb.com\/index.php?rest_route=\/wp\/v2\/pages\/15\/revisions\/22"}],"wp:attachment":[{"href":"https:\/\/tiendadevalerybb.com\/index.php?rest_route=%2Fwp%2Fv2%2Fmedia&parent=15"}],"curies":[{"name":"wp","href":"https:\/\/api.w.org\/{rel}","templated":true}]}}